{"id":17,"date":"2020-04-01T12:33:59","date_gmt":"2020-04-01T12:33:59","guid":{"rendered":"http:\/\/parafiakluczewsko.pl\/?page_id=17"},"modified":"2020-04-01T19:49:46","modified_gmt":"2020-04-01T19:49:46","slug":"informacje-o-parafii","status":"publish","type":"page","link":"https:\/\/parafiakluczewsko.pl\/index.php\/informacje-o-parafii\/","title":{"rendered":"Informacje o parafii"},"content":{"rendered":"\n<p><strong>Adres:<\/strong><br>29-120 Kluczewsko, ul. Ko\u015bcielna 7<br>tel. 44-781-42-30<\/p>\n\n\n\n<p>liczba mieszka\u0144c\u00f3w: 1&nbsp;991<\/p>\n\n\n\n<p><strong>Proboszcz:<\/strong><br>ks. Wies\u0142aw Ch\u0119cina, mgr lic. teol., ur. 1967 (Kielce, Chrystusa Kr\u00f3la), wy\u015bw. 1991, mian. 2017<\/p>\n\n\n\n<p><strong>Rezydent:<\/strong><br>ks. J\u00f3zef Barczyk, KKW, ur. 1935 (Szreniawa, diec. sosnowiecka), wy\u015bw. 1960, od 2010<\/p>\n\n\n\n<p><strong>Rys historyczny:<\/strong><br>W 1796 r. Ksawery Turski zaprosi\u0142 do Kluczewska plebana z Januszewic (do kt\u00f3rej to parafii nale\u017ca\u0142o Kluczewsko), jak i przedstawicieli kolegiaty kurzelowskiej, aby oznajmi\u0107 im sw\u0105 wol\u0119 ufundowania ko\u015bcio\u0142a w Kluczewsku. Ko\u015bci\u00f3\u0142 budowano w latach 1797-1812, wtedy te\u017c powsta\u0142a samodzielna parafia, wy\u0142\u0105czona z Januszewic w 1812 r. Ko\u015bci\u00f3\u0142 jest murowany, powi\u0119kszono go w 1888 r.<\/p>\n\n\n\n<p>Bry\u0142\u0119 ko\u015bcio\u0142a wspieraj\u0105 na zewn\u0105trz szkarpy i pilastry. Za wielkim o\u0142tarzem jest zakrystia, dobudowana do prezbiterium o kszta\u0142cie du\u017cej absydy. Polichromia zosta\u0142a wykonana w 1965 r.<\/p>\n\n\n\n<p>Wielki o\u0142tarz tworz\u0105 trzy nisze. W \u015brodkowej \u2013 czyli w centralnej cz\u0119\u015bci o\u0142tarzowej \u2013 figura Chrystusa na krzy\u017cu z Matk\u0105 Bo\u017c\u0105 i \u015bw. Janem u podn\u00f3\u017ca, za\u015b w niszach \u015bw. Piotr i \u015bw. Pawe\u0142. W o\u0142tarzach bocznych s\u0105 \u015bw. Wawrzyniec i Matka Bo\u017ca. Wyobra\u017cenie patrona parafii \u2013 \u015bw. Wawrzy\u0144ca odnajdujemy tak\u017ce w zewn\u0119trznej elewacji, nad g\u0142\u00f3wnym wej\u015bciem do ko\u015bcio\u0142a.W\u015br\u00f3d ciekawych zabytk\u00f3w wn\u0119trza s\u0105 m.in.: kamienna kropielnica, epitafia i pomniki dawnych dobrodziej\u00f3w i kanonik\u00f3w.<\/p>\n\n\n\n<p><strong>Odpust<\/strong>: \u015bw. Wawrzy\u0144ca \u2013 10 sierpnia&nbsp;&nbsp;&nbsp;&nbsp;&nbsp;&nbsp;&nbsp;&nbsp;<\/p>\n\n\n\n<p><strong>Czy wiesz, \u017ce\u2026<\/strong><br>Niegdy\u015b biskup krakowski Feliks Turski zaje\u017cd\u017ca\u0142 do Kluczewska \u201ena letnie mieszkanie\u201d, dobra te bowiem nale\u017ca\u0142y do rodziny Kluczewskich, fundator\u00f3w obecnego ko\u015bcio\u0142a w dekanacie w\u0142oszczowskim.<\/p>\n\n\n\n<p>Kronika parafialna, prowadzona od 1812 r. stanowi ciekawe \u017ar\u00f3d\u0142o wiedzy o ko\u015bciele i parafii.<\/p>\n\n\n\n<p>Tu\u017c za ko\u015bcio\u0142em &#8211; o\u0142tarz polowy, w wyremontowanym murze &#8211; kapliczki z figurkami, kt\u00f3re wykona\u0142 Czes\u0142aw W\u0142\u00f3dzik z Kluczewska&nbsp; Jest on tak\u017ce autorem figury \u015bw. Floriana na remizie.<\/p>\n","protected":false},"excerpt":{"rendered":"<p>Adres:29-120 Kluczewsko, ul. Ko\u015bcielna 7tel. 44-781-42-30 liczba mieszka\u0144c\u00f3w: 1&nbsp;991 Proboszcz:ks. Wies\u0142aw Ch\u0119cina, mgr lic. teol., ur. 1967 (Kielce, Chrystusa Kr\u00f3la),&hellip;<\/p>\n","protected":false},"author":1,"featured_media":0,"parent":0,"menu_order":0,"comment_status":"closed","ping_status":"closed","template":"","meta":{"footnotes":""},"class_list":["post-17","page","type-page","status-publish","hentry"],"_links":{"self":[{"href":"https:\/\/parafiakluczewsko.pl\/index.php\/wp-json\/wp\/v2\/pages\/17","targetHints":{"allow":["GET"]}}],"collection":[{"href":"https:\/\/parafiakluczewsko.pl\/index.php\/wp-json\/wp\/v2\/pages"}],"about":[{"href":"https:\/\/parafiakluczewsko.pl\/index.php\/wp-json\/wp\/v2\/types\/page"}],"author":[{"embeddable":true,"href":"https:\/\/parafiakluczewsko.pl\/index.php\/wp-json\/wp\/v2\/users\/1"}],"replies":[{"embeddable":true,"href":"https:\/\/parafiakluczewsko.pl\/index.php\/wp-json\/wp\/v2\/comments?post=17"}],"version-history":[{"count":2,"href":"https:\/\/parafiakluczewsko.pl\/index.php\/wp-json\/wp\/v2\/pages\/17\/revisions"}],"predecessor-version":[{"id":50,"href":"https:\/\/parafiakluczewsko.pl\/index.php\/wp-json\/wp\/v2\/pages\/17\/revisions\/50"}],"wp:attachment":[{"href":"https:\/\/parafiakluczewsko.pl\/index.php\/wp-json\/wp\/v2\/media?parent=17"}],"curies":[{"name":"wp","href":"https:\/\/api.w.org\/{rel}","templated":true}]}}