{"id":11,"date":"2020-04-01T12:33:59","date_gmt":"2020-04-01T12:33:59","guid":{"rendered":"http:\/\/parafiakluczewsko.pl\/?page_id=11"},"modified":"2020-04-01T12:41:34","modified_gmt":"2020-04-01T12:41:34","slug":"kancelaria-parafialna","status":"publish","type":"page","link":"https:\/\/parafiakluczewsko.pl\/index.php\/kancelaria-parafialna\/","title":{"rendered":"Kancelaria parafialna"},"content":{"rendered":"\n<p>Kancelaria czynna: <\/p>\n\n\n\n<p>w dni powszednie &#8211; po Mszy \u015bw.<br>w niedziele i \u015bwi\u0119ta &#8211; nieczynna<br>tel. 44 781 42 30<\/p>\n\n\n\n<p><br>Konto parafialne:<br>Bank Sp\u00f3\u0142dzielczy we W\u0142oszczowie o\/w Kluczewsku<br>Nr konta :\u00a0<strong>67 8525 0002 0030 0300 0316 0001<\/strong><\/p>\n","protected":false},"excerpt":{"rendered":"<p>Kancelaria czynna: w dni powszednie &#8211; po Mszy \u015bw.w niedziele i \u015bwi\u0119ta &#8211; nieczynnatel. 44 781 42 30 Konto parafialne:Bank&hellip;<\/p>\n","protected":false},"author":1,"featured_media":0,"parent":0,"menu_order":0,"comment_status":"closed","ping_status":"closed","template":"","meta":{"footnotes":""},"class_list":["post-11","page","type-page","status-publish","hentry"],"_links":{"self":[{"href":"https:\/\/parafiakluczewsko.pl\/index.php\/wp-json\/wp\/v2\/pages\/11","targetHints":{"allow":["GET"]}}],"collection":[{"href":"https:\/\/parafiakluczewsko.pl\/index.php\/wp-json\/wp\/v2\/pages"}],"about":[{"href":"https:\/\/parafiakluczewsko.pl\/index.php\/wp-json\/wp\/v2\/types\/page"}],"author":[{"embeddable":true,"href":"https:\/\/parafiakluczewsko.pl\/index.php\/wp-json\/wp\/v2\/users\/1"}],"replies":[{"embeddable":true,"href":"https:\/\/parafiakluczewsko.pl\/index.php\/wp-json\/wp\/v2\/comments?post=11"}],"version-history":[{"count":2,"href":"https:\/\/parafiakluczewsko.pl\/index.php\/wp-json\/wp\/v2\/pages\/11\/revisions"}],"predecessor-version":[{"id":40,"href":"https:\/\/parafiakluczewsko.pl\/index.php\/wp-json\/wp\/v2\/pages\/11\/revisions\/40"}],"wp:attachment":[{"href":"https:\/\/parafiakluczewsko.pl\/index.php\/wp-json\/wp\/v2\/media?parent=11"}],"curies":[{"name":"wp","href":"https:\/\/api.w.org\/{rel}","templated":true}]}}